{"id":53,"date":"2017-10-31T12:16:03","date_gmt":"2017-10-31T11:16:03","guid":{"rendered":"http:\/\/appenzeller-charlie.de\/?page_id=53"},"modified":"2021-04-14T16:17:48","modified_gmt":"2021-04-14T14:17:48","slug":"ueber-charlie","status":"publish","type":"page","link":"https:\/\/appenzeller-charlie.de\/index.php\/ueber-charlie\/","title":{"rendered":"\u00dcBER CHARLIE vom K\u00f6pfersee"},"content":{"rendered":"<p><div class=\"fusion-fullwidth fullwidth-box fusion-builder-row-1 fusion-parallax-none hundred-percent-fullwidth non-hundred-percent-height-scrolling\" style=\"--awb-border-radius-top-left:0px;--awb-border-radius-top-right:0px;--awb-border-radius-bottom-right:0px;--awb-border-radius-bottom-left:0px;--awb-padding-bottom:300px;--awb-margin-bottom:30px;--awb-background-image:url(&quot;https:\/\/appenzeller-charlie.de\/wp-content\/uploads\/2017\/10\/Appenzeller-Sennenhund-h02.jpg&quot;);--awb-background-size:cover;--awb-flex-wrap:wrap;\" ><div class=\"fusion-builder-row fusion-row\"><div class=\"fusion-layout-column fusion_builder_column fusion-builder-column-0 fusion_builder_column_1_1 1_1 fusion-one-full fusion-column-first fusion-column-last\" style=\"--awb-bg-size:cover;\"><div class=\"fusion-column-wrapper fusion-flex-column-wrapper-legacy\"><div class=\"fusion-clearfix\"><\/div><\/div><\/div><\/div><\/div><div class=\"fusion-fullwidth fullwidth-box fusion-builder-row-2 nonhundred-percent-fullwidth non-hundred-percent-height-scrolling\" style=\"--awb-border-radius-top-left:0px;--awb-border-radius-top-right:0px;--awb-border-radius-bottom-right:0px;--awb-border-radius-bottom-left:0px;--awb-padding-right:22px;--awb-flex-wrap:wrap;\" ><div class=\"fusion-builder-row fusion-row\"><div class=\"fusion-layout-column fusion_builder_column fusion-builder-column-1 fusion_builder_column_1_1 1_1 fusion-one-full fusion-column-first fusion-column-last\" style=\"--awb-bg-size:cover;\"><div class=\"fusion-column-wrapper fusion-flex-column-wrapper-legacy\"><div class=\"fusion-title title fusion-title-1 fusion-title-text fusion-title-size-one\"><h1 class=\"fusion-title-heading title-heading-left fusion-responsive-typography-calculated\" style=\"margin:0;--fontSize:50;line-height:1.4;\"><h2>\u00dcBER CHARLIE\u00a0VOM K\u00d6PFERSEE<\/h2><\/h1><span class=\"awb-title-spacer\"><\/span><div class=\"title-sep-container\"><div class=\"title-sep sep-double sep-solid\" style=\"border-color:#e0dede;\"><\/div><\/div><\/div><div class=\"fusion-clearfix\"><\/div><\/div><\/div><div class=\"fusion-layout-column fusion_builder_column fusion-builder-column-2 fusion_builder_column_2_3 2_3 fusion-two-third fusion-column-first\" style=\"--awb-bg-size:cover;width:66.6666666667%;width:calc(66.6666666667% - ( ( 4% ) * 0.666666666667 ) );margin-right: 4%;\"><div class=\"fusion-column-wrapper fusion-flex-column-wrapper-legacy\"><div class=\"fusion-text fusion-text-1\"><p>Charlie wurde am 30.11.2013 geboren. Seine Eltern sind Arola vom B\u00e4hnle und Ben vom Weidensee.<\/p>\n<p>Zusammen mit sechs Geschwistern verbrachte er bei Rita Hengerer in Heilbronn (Zuchtst\u00e4tte vom K\u00f6pfersee) seine ersten neun Lebenswochen. Dort wurde er behutsam mit allem vertraut gemacht, was f\u00fcr ein Hundeleben wichtig ist und bestens versorgt! Wir bekamen einen Welpen, der an s\u00e4mtliche Ger\u00e4usche gew\u00f6hnt war, der gut Auto fahren konnte, der auch beim Tierarzt problemlos alles mit sich machen lie\u00df, rundum bestens sozialisiert war. Ein dickes Dankesch\u00f6n an dieser Stelle an Familie Hengerer!!!!!<\/p>\n<h3>Vom s\u00fc\u00dfen kleinen Welpen zum kr\u00e4ftigen, typvollen R\u00fcden<\/h3>\n<p>Wir waren mit ihm in der Welpenschule, im Erziehungskurs und den Hundef\u00fchrerschein haben wir auch gemacht. Jetzt trainieren wir meist allein, F\u00e4hrtenarbeit macht ihm viel Spa\u00df. Charlie ist ein ruhiger, feinf\u00fchliger und ausgeglichener Appenzeller, absolut treu, sehr wachsam und unbestechlich. Wenn er eine Aufgabe bekommt oder etwas zu \u201earbeiten\u201c, z. B. F\u00e4hrten suchen, dann ist er freudig, hochkonzentriert, sehr ausdauernd und temperamentvoll dabei!<\/p>\n<p>Zuhause ist er am gl\u00fccklichsten, wenn alle Familienmitglieder da sind. Auch kommt er super mit Kater Stupsi aus, wobei der Kater klar der Chef ist! Charlie hat wirklich noch gar nie etwas angenagt oder kaputt gemacht, noch nie Essbares aus der K\u00fcche gemopst. Er kann auch gut alleine bleiben. Meist ist er aber mit mir im Gesch\u00e4ft (wir sind selbst\u00e4ndig und f\u00fchren einen Orthop\u00e4dieschuhtechnikbetrieb), dort liegt er gerne im B\u00fcro, nachdem er sich von jedem Mitarbeiter ein Leckerli abgeholt hat, oder er schaut mal in den Ladenraum, ob streichelw\u00fctige Kunden da sind.<\/p>\n<p>Fremden Menschen gegen\u00fcber ist er erst einmal misstrauisch, mit seinen Hundekumpels rennt er gerne kurz herum, will dann aber meist nach kurzer Zeit in Ruhe alleine weiter schn\u00fcffeln. Die Rassebeschreibung trifft seinen Charakter eigentlich ziemlich gut.<\/p>\n<h3>Die Ausstellungen<\/h3>\n<p>Die Idee, mit Charlie zu Ausstellungen zu gehen, entstand eher zuf\u00e4llig nach einem Treffen des C-Wurfes vom K\u00f6pfersee, da sagte seine Z\u00fcchterin eher beil\u00e4ufig zu mir, dass sie es sch\u00f6n f\u00e4nde, wenn einer ihrer Hunde einmal auf einer Ausstellung pr\u00e4sentiert w\u00fcrde. Daraufhin meldeten wir uns in Babenhausen zur Landesgruppenschau an, wollten einfach mal sehen, wie das so ist, weil wir uns darunter wenig vorstellen konnten und\u00a0dort wurde Charlie gleich auf Anhieb BOB. Noch weitere Ausstellungen folgten und am 25.06.2016 wurde Charlie in Rheinm\u00fcnster \u2013 Stollhofen ohne Einschr\u00e4nkung angek\u00f6rt.<\/p>\n<\/div><div class=\"fusion-clearfix\"><\/div><\/div><\/div><div class=\"fusion-layout-column fusion_builder_column fusion-builder-column-3 fusion_builder_column_1_3 1_3 fusion-one-third fusion-column-last\" style=\"--awb-bg-size:cover;width:33.3333333333%;width:calc(33.3333333333% - ( ( 4% ) * 0.333333333333 ) );\"><div class=\"fusion-column-wrapper fusion-flex-column-wrapper-legacy\"><div class=\"fusion-image-element in-legacy-container\" style=\"--awb-caption-title-font-family:var(--h2_typography-font-family);--awb-caption-title-font-weight:var(--h2_typography-font-weight);--awb-caption-title-font-style:var(--h2_typography-font-style);--awb-caption-title-size:var(--h2_typography-font-size);--awb-caption-title-transform:var(--h2_typography-text-transform);--awb-caption-title-line-height:var(--h2_typography-line-height);--awb-caption-title-letter-spacing:var(--h2_typography-letter-spacing);\"><span class=\" fusion-imageframe imageframe-none imageframe-1 hover-type-none\"><a href=\"https:\/\/appenzeller-charlie.de\/wp-content\/uploads\/2017\/10\/appenzeller-charlie-33.jpg\" class=\"fusion-lightbox\" data-rel=\"iLightbox[b08bd855e116f445d1d]\" data-title=\"appenzeller-charlie-33\" title=\"appenzeller-charlie-33\"><img decoding=\"async\" width=\"643\" height=\"850\" src=\"https:\/\/appenzeller-charlie.de\/wp-content\/uploads\/2017\/10\/appenzeller-charlie-33.jpg\" alt class=\"img-responsive wp-image-110\" srcset=\"https:\/\/appenzeller-charlie.de\/wp-content\/uploads\/2017\/10\/appenzeller-charlie-33-200x264.jpg 200w, https:\/\/appenzeller-charlie.de\/wp-content\/uploads\/2017\/10\/appenzeller-charlie-33-400x529.jpg 400w, https:\/\/appenzeller-charlie.de\/wp-content\/uploads\/2017\/10\/appenzeller-charlie-33-600x793.jpg 600w, https:\/\/appenzeller-charlie.de\/wp-content\/uploads\/2017\/10\/appenzeller-charlie-33.jpg 643w\" sizes=\"(max-width: 800px) 100vw, 400px\" \/><\/a><\/span><\/div><div class=\"fusion-text fusion-text-2\"><h4 style=\"text-align: left;\" data-fontsize=\"26\" data-lineheight=\"39\">Ahnentafel<\/h4>\n<p style=\"text-align: left;\" data-fontsize=\"26\" data-lineheight=\"39\">&#8211; <a href=\"https:\/\/appenzeller-charlie.de\/wp-content\/uploads\/2017\/10\/Ahnentafel.pdf\" target=\"_blank\" rel=\"noopener\">Charlie\u00b4s\u00a0Ahnentafel<\/a> &#8211;<\/p>\n<\/div><div class=\"fusion-clearfix\"><\/div><\/div><\/div><\/div><\/div><div class=\"fusion-fullwidth fullwidth-box fusion-builder-row-3 nonhundred-percent-fullwidth non-hundred-percent-height-scrolling\" style=\"--awb-border-radius-top-left:0px;--awb-border-radius-top-right:0px;--awb-border-radius-bottom-right:0px;--awb-border-radius-bottom-left:0px;--awb-margin-top:60px;--awb-flex-wrap:wrap;\" ><div class=\"fusion-builder-row fusion-row\"><div class=\"fusion-layout-column fusion_builder_column fusion-builder-column-4 fusion_builder_column_1_1 1_1 fusion-one-full fusion-column-first fusion-column-last\" style=\"--awb-bg-size:cover;--awb-margin-bottom:0px;\"><div class=\"fusion-column-wrapper fusion-flex-column-wrapper-legacy\"><hr style=\"border:solid #e5e1e1 1px;height:1px;\">\n<div class=\"fusion-clearfix\"><\/div><\/div><\/div><div class=\"fusion-layout-column fusion_builder_column fusion-builder-column-5 fusion_builder_column_4_5 4_5 fusion-four-fifth fusion-column-first\" style=\"--awb-bg-size:cover;width:80%;width:calc(80% - ( ( 4% ) * 0.8 ) );margin-right: 4%;\"><div class=\"fusion-column-wrapper fusion-flex-column-wrapper-legacy\"><div class=\"fusion-text fusion-text-3\"><h5>SIMONE HOLZWARTH-RUML\u00a0| REIHERWEG 6\u00a0| 71336 WAIBLINGEN (NEUSTADT) | TEL. 01522\u00a02823990 |\u00a0SH@APPENZELLER-CHARLIE.DE<\/h5>\n<h5><\/h5>\n<\/div><div class=\"fusion-clearfix\"><\/div><\/div><\/div><div class=\"fusion-layout-column fusion_builder_column fusion-builder-column-6 fusion_builder_column_1_5 1_5 fusion-one-fifth fusion-column-last\" style=\"--awb-bg-size:cover;width:20%;width:calc(20% - ( ( 4% ) * 0.2 ) );\"><div class=\"fusion-column-wrapper fusion-flex-column-wrapper-legacy\"><div class=\"fusion-text fusion-text-4\"><h5><a href=\"https:\/\/appenzeller-charlie.de\/index.php\/impressum\/\">IMPRESSUM<\/a> I\u00a0<a href=\"https:\/\/appenzeller-charlie.de\/index.php\/datenschutz\/\">DATENSCHUTZ<\/a><\/h5>\n<\/div><div class=\"fusion-clearfix\"><\/div><\/div><\/div><\/div><\/div><\/p>\n","protected":false},"excerpt":{"rendered":"","protected":false},"author":1,"featured_media":0,"parent":0,"menu_order":0,"comment_status":"closed","ping_status":"closed","template":"100-width.php","meta":{"footnotes":""},"class_list":["post-53","page","type-page","status-publish","hentry"],"_links":{"self":[{"href":"https:\/\/appenzeller-charlie.de\/index.php\/wp-json\/wp\/v2\/pages\/53","targetHints":{"allow":["GET"]}}],"collection":[{"href":"https:\/\/appenzeller-charlie.de\/index.php\/wp-json\/wp\/v2\/pages"}],"about":[{"href":"https:\/\/appenzeller-charlie.de\/index.php\/wp-json\/wp\/v2\/types\/page"}],"author":[{"embeddable":true,"href":"https:\/\/appenzeller-charlie.de\/index.php\/wp-json\/wp\/v2\/users\/1"}],"replies":[{"embeddable":true,"href":"https:\/\/appenzeller-charlie.de\/index.php\/wp-json\/wp\/v2\/comments?post=53"}],"version-history":[{"count":42,"href":"https:\/\/appenzeller-charlie.de\/index.php\/wp-json\/wp\/v2\/pages\/53\/revisions"}],"predecessor-version":[{"id":825,"href":"https:\/\/appenzeller-charlie.de\/index.php\/wp-json\/wp\/v2\/pages\/53\/revisions\/825"}],"wp:attachment":[{"href":"https:\/\/appenzeller-charlie.de\/index.php\/wp-json\/wp\/v2\/media?parent=53"}],"curies":[{"name":"wp","href":"https:\/\/api.w.org\/{rel}","templated":true}]}}