{"id":15,"date":"2017-10-30T14:11:46","date_gmt":"2017-10-30T13:11:46","guid":{"rendered":"http:\/\/appenzeller-charlie.de\/?page_id=15"},"modified":"2018-05-23T15:31:47","modified_gmt":"2018-05-23T13:31:47","slug":"ueber-uns","status":"publish","type":"page","link":"https:\/\/appenzeller-charlie.de\/index.php\/ueber-uns\/","title":{"rendered":"\u00dcBER UNS"},"content":{"rendered":"<p><div class=\"fusion-fullwidth fullwidth-box fusion-builder-row-1 fusion-parallax-none hundred-percent-fullwidth non-hundred-percent-height-scrolling\" style=\"--awb-border-radius-top-left:0px;--awb-border-radius-top-right:0px;--awb-border-radius-bottom-right:0px;--awb-border-radius-bottom-left:0px;--awb-padding-bottom:300px;--awb-margin-bottom:30px;--awb-background-image:url(&quot;https:\/\/appenzeller-charlie.de\/wp-content\/uploads\/2017\/10\/Appenzeller-Sennenhund-h03.jpg&quot;);--awb-background-size:cover;--awb-flex-wrap:wrap;\" ><div class=\"fusion-builder-row fusion-row\"><div class=\"fusion-layout-column fusion_builder_column fusion-builder-column-0 fusion_builder_column_1_1 1_1 fusion-one-full fusion-column-first fusion-column-last\" style=\"--awb-bg-size:cover;\"><div class=\"fusion-column-wrapper fusion-flex-column-wrapper-legacy\"><div class=\"fusion-clearfix\"><\/div><\/div><\/div><\/div><\/div><div class=\"fusion-fullwidth fullwidth-box fusion-builder-row-2 nonhundred-percent-fullwidth non-hundred-percent-height-scrolling\" style=\"--awb-border-radius-top-left:0px;--awb-border-radius-top-right:0px;--awb-border-radius-bottom-right:0px;--awb-border-radius-bottom-left:0px;--awb-flex-wrap:wrap;\" ><div class=\"fusion-builder-row fusion-row\"><div class=\"fusion-layout-column fusion_builder_column fusion-builder-column-1 fusion_builder_column_1_1 1_1 fusion-one-full fusion-column-first fusion-column-last\" style=\"--awb-bg-size:cover;\"><div class=\"fusion-column-wrapper fusion-flex-column-wrapper-legacy\"><div class=\"fusion-title title fusion-title-1 fusion-title-text fusion-title-size-one\"><h1 class=\"fusion-title-heading title-heading-left fusion-responsive-typography-calculated\" style=\"margin:0;--fontSize:50;line-height:1.4;\"><h2>\u00dcBER UNS<\/h2><\/h1><span class=\"awb-title-spacer\"><\/span><div class=\"title-sep-container\"><div class=\"title-sep sep-double sep-solid\" style=\"border-color:#e0dede;\"><\/div><\/div><\/div><div class=\"fusion-clearfix\"><\/div><\/div><\/div><div class=\"fusion-layout-column fusion_builder_column fusion-builder-column-2 fusion_builder_column_1_2 1_2 fusion-one-half fusion-column-first\" style=\"--awb-bg-size:cover;width:50%;width:calc(50% - ( ( 4% ) * 0.5 ) );margin-right: 4%;\"><div class=\"fusion-column-wrapper fusion-flex-column-wrapper-legacy\"><div class=\"fusion-text fusion-text-1\"><p>Wir wohnen mit Charlie in Waiblingen im sch\u00f6nen Schwabenl\u00e4ndle, ca. 20 km \u00f6stlich der Landeshauptstadt Stuttgart. Waiblingen liegt zwischen Wiesen, Weinbergen und Feldern am Rande des Naturparks Schw\u00e4bisch-Fr\u00e4nkischer Wald.<\/p>\n<p>Zu unserer Familie geh\u00f6ren mein Mann Harald, unsere erwachsenen S\u00f6hne Patrick und Ren\u00e9 und ich. Tiere begleiten uns seit langer Zeit. Zuerst Kaninchen, dann Katzen, immer wieder hatten wir auch \u201eUrlaubshunde\u201c zu Gast.<\/p>\n<p>Und seit Anfang 2014 lebt Charlie bei uns!<\/p>\n<h3>Wie es dazu kam<\/h3>\n<p>Als Kind habe ich jede freie Minute im Pferdestall und auf dem Bauernhof mit vielen Tieren verbracht. Dort hatte ich auch zum ersten Mal Kontakt mit einem Appenzeller Sennenhund und war sofort fasziniert.<\/p>\n<p>Als ich mir dann 2013 einen eigenen Hund zulegen wollte, war klar, es muss ein Bl\u00e4ss sein! Eine andere Rasse kam f\u00fcr mich gar nicht infrage. So informierte ich mich auf der Homepage des Schweizer Sennenhund-Vereins f\u00fcr Deutschland e. V. und fand dort auch schnell eine wunderbare Z\u00fcchterin, Rita Hengerer (Appenzeller Sennenhunde vom K\u00f6pfersee). Als wir zum ersten Mal dort die Welpen besucht haben, waren noch zwei R\u00fcden zur Auswahl. Ren\u00e9 entschied spontan: \u201eDer hier ist es!\u201c und so zog am 5. Februar 2014 Charlie vom K\u00f6pfersee bei uns ein.<\/p>\n<\/div><div class=\"fusion-clearfix\"><\/div><\/div><\/div><div class=\"fusion-layout-column fusion_builder_column fusion-builder-column-3 fusion_builder_column_1_2 1_2 fusion-one-half fusion-column-last\" style=\"--awb-bg-size:cover;width:50%;width:calc(50% - ( ( 4% ) * 0.5 ) );\"><div class=\"fusion-column-wrapper fusion-flex-column-wrapper-legacy\"><div class=\"awb-gallery-wrapper awb-gallery-wrapper-1 button-span-no\"><div style=\"margin:-5px;--awb-bordersize:0px;\" class=\"fusion-gallery fusion-gallery-container fusion-grid-3 fusion-columns-total-9 fusion-gallery-layout-masonry fusion-gallery-1\"><div class=\"fusion-grid-column fusion-gallery-column fusion-gallery-column-3 hover-type-none fusion-grid-sizer\"><\/div><div style=\"padding:5px;\" class=\"fusion-grid-column fusion-gallery-column fusion-gallery-column-3 hover-type-none fusion-element-grid\"><div class=\"fusion-gallery-image\"><a href=\"https:\/\/appenzeller-charlie.de\/wp-content\/uploads\/2017\/10\/appenzeller-charlie-48.jpg\" target=\"_self\"><div style=\"background-image:url(https:\/\/appenzeller-charlie.de\/wp-content\/uploads\/2017\/10\/appenzeller-charlie-48.jpg);padding-top:calc((100% + 10px) * 0.8 - 5px);background-position:;\" class=\"fusion-masonry-element-container\"><img decoding=\"async\" src=\"https:\/\/appenzeller-charlie.de\/wp-content\/uploads\/2017\/10\/appenzeller-charlie-48.jpg\" width=\"850\" height=\"643\" alt=\"\" title=\"appenzeller-charlie-48\" aria-label=\"appenzeller-charlie-48\" class=\"img-responsive wp-image-426\" srcset=\"https:\/\/appenzeller-charlie.de\/wp-content\/uploads\/2017\/10\/appenzeller-charlie-48-200x151.jpg 200w, https:\/\/appenzeller-charlie.de\/wp-content\/uploads\/2017\/10\/appenzeller-charlie-48-400x303.jpg 400w, https:\/\/appenzeller-charlie.de\/wp-content\/uploads\/2017\/10\/appenzeller-charlie-48-600x454.jpg 600w, https:\/\/appenzeller-charlie.de\/wp-content\/uploads\/2017\/10\/appenzeller-charlie-48-800x605.jpg 800w, https:\/\/appenzeller-charlie.de\/wp-content\/uploads\/2017\/10\/appenzeller-charlie-48.jpg 850w\" sizes=\"(min-width: 2200px) 100vw, (min-width: 784px) 363px, (min-width: 712px) 545px, (min-width: 640px) 712px, \" \/><\/div><\/a><\/div><\/div><div style=\"padding:5px;\" class=\"fusion-grid-column fusion-gallery-column fusion-gallery-column-3 hover-type-none fusion-element-grid\"><div class=\"fusion-gallery-image\"><a href=\"https:\/\/appenzeller-charlie.de\/wp-content\/uploads\/2017\/10\/appenzeller-sennenhund-Charlie-01.jpg\" target=\"_self\"><div style=\"background-image:url(https:\/\/appenzeller-charlie.de\/wp-content\/uploads\/2017\/10\/appenzeller-sennenhund-Charlie-01.jpg);padding-top:calc((100% + 10px) * 0.8 - 5px);background-position:;\" class=\"fusion-masonry-element-container\"><img decoding=\"async\" src=\"https:\/\/appenzeller-charlie.de\/wp-content\/uploads\/2017\/10\/appenzeller-sennenhund-Charlie-01.jpg\" width=\"850\" height=\"643\" alt=\"\" title=\"appenzeller-sennenhund-Charlie-01\" aria-label=\"appenzeller-sennenhund-Charlie-01\" class=\"img-responsive wp-image-291\" srcset=\"https:\/\/appenzeller-charlie.de\/wp-content\/uploads\/2017\/10\/appenzeller-sennenhund-Charlie-01-200x151.jpg 200w, https:\/\/appenzeller-charlie.de\/wp-content\/uploads\/2017\/10\/appenzeller-sennenhund-Charlie-01-400x303.jpg 400w, https:\/\/appenzeller-charlie.de\/wp-content\/uploads\/2017\/10\/appenzeller-sennenhund-Charlie-01-600x454.jpg 600w, https:\/\/appenzeller-charlie.de\/wp-content\/uploads\/2017\/10\/appenzeller-sennenhund-Charlie-01-800x605.jpg 800w, https:\/\/appenzeller-charlie.de\/wp-content\/uploads\/2017\/10\/appenzeller-sennenhund-Charlie-01.jpg 850w\" sizes=\"(min-width: 2200px) 100vw, (min-width: 784px) 363px, (min-width: 712px) 545px, (min-width: 640px) 712px, \" \/><\/div><\/a><\/div><\/div><div style=\"padding:5px;\" class=\"fusion-grid-column fusion-gallery-column fusion-gallery-column-3 hover-type-none fusion-element-grid\"><div class=\"fusion-gallery-image\"><a href=\"https:\/\/appenzeller-charlie.de\/wp-content\/uploads\/2017\/10\/appenzeller-charlie-46.jpg\" target=\"_self\"><div style=\"background-image:url(https:\/\/appenzeller-charlie.de\/wp-content\/uploads\/2017\/10\/appenzeller-charlie-46.jpg);padding-top:calc((100% + 10px) * 0.8 - 5px);background-position:;\" class=\"fusion-masonry-element-container\"><img decoding=\"async\" src=\"https:\/\/appenzeller-charlie.de\/wp-content\/uploads\/2017\/10\/appenzeller-charlie-46.jpg\" width=\"850\" height=\"643\" alt=\"\" title=\"appenzeller-charlie-46\" aria-label=\"appenzeller-charlie-46\" class=\"img-responsive wp-image-424\" srcset=\"https:\/\/appenzeller-charlie.de\/wp-content\/uploads\/2017\/10\/appenzeller-charlie-46-200x151.jpg 200w, https:\/\/appenzeller-charlie.de\/wp-content\/uploads\/2017\/10\/appenzeller-charlie-46-400x303.jpg 400w, https:\/\/appenzeller-charlie.de\/wp-content\/uploads\/2017\/10\/appenzeller-charlie-46-600x454.jpg 600w, https:\/\/appenzeller-charlie.de\/wp-content\/uploads\/2017\/10\/appenzeller-charlie-46-800x605.jpg 800w, https:\/\/appenzeller-charlie.de\/wp-content\/uploads\/2017\/10\/appenzeller-charlie-46.jpg 850w\" sizes=\"(min-width: 2200px) 100vw, (min-width: 784px) 363px, (min-width: 712px) 545px, (min-width: 640px) 712px, \" \/><\/div><\/a><\/div><\/div><div style=\"padding:5px;\" class=\"fusion-grid-column fusion-gallery-column fusion-gallery-column-3 hover-type-none fusion-element-portrait\"><div class=\"fusion-gallery-image\"><a href=\"https:\/\/appenzeller-charlie.de\/wp-content\/uploads\/2017\/10\/appenzeller-charlie-37.jpg\" target=\"_self\"><div style=\"background-image:url(https:\/\/appenzeller-charlie.de\/wp-content\/uploads\/2017\/10\/appenzeller-charlie-37.jpg);padding-top:calc((100% + 10px) * 1.6);background-position:;\" class=\"fusion-masonry-element-container\"><img decoding=\"async\" src=\"https:\/\/appenzeller-charlie.de\/wp-content\/uploads\/2017\/10\/appenzeller-charlie-37.jpg\" width=\"643\" height=\"850\" alt=\"\" title=\"appenzeller-charlie-37\" aria-label=\"appenzeller-charlie-37\" class=\"img-responsive wp-image-114\" srcset=\"https:\/\/appenzeller-charlie.de\/wp-content\/uploads\/2017\/10\/appenzeller-charlie-37-200x264.jpg 200w, https:\/\/appenzeller-charlie.de\/wp-content\/uploads\/2017\/10\/appenzeller-charlie-37-400x529.jpg 400w, https:\/\/appenzeller-charlie.de\/wp-content\/uploads\/2017\/10\/appenzeller-charlie-37-600x793.jpg 600w, https:\/\/appenzeller-charlie.de\/wp-content\/uploads\/2017\/10\/appenzeller-charlie-37.jpg 643w\" sizes=\"(min-width: 2200px) 100vw, (min-width: 784px) 363px, (min-width: 712px) 545px, (min-width: 640px) 712px, \" \/><\/div><\/a><\/div><\/div><div style=\"padding:5px;\" class=\"fusion-grid-column fusion-gallery-column fusion-gallery-column-3 hover-type-none fusion-element-portrait\"><div class=\"fusion-gallery-image\"><a href=\"https:\/\/appenzeller-charlie.de\/wp-content\/uploads\/2017\/10\/appenzeller-charlie-35.jpg\" target=\"_self\"><div style=\"background-image:url(https:\/\/appenzeller-charlie.de\/wp-content\/uploads\/2017\/10\/appenzeller-charlie-35.jpg);padding-top:calc((100% + 10px) * 1.6);background-position:;\" class=\"fusion-masonry-element-container\"><img decoding=\"async\" src=\"https:\/\/appenzeller-charlie.de\/wp-content\/uploads\/2017\/10\/appenzeller-charlie-35.jpg\" width=\"643\" height=\"850\" alt=\"\" title=\"appenzeller-charlie-35\" aria-label=\"appenzeller-charlie-35\" class=\"img-responsive wp-image-112\" srcset=\"https:\/\/appenzeller-charlie.de\/wp-content\/uploads\/2017\/10\/appenzeller-charlie-35-200x264.jpg 200w, https:\/\/appenzeller-charlie.de\/wp-content\/uploads\/2017\/10\/appenzeller-charlie-35-400x529.jpg 400w, https:\/\/appenzeller-charlie.de\/wp-content\/uploads\/2017\/10\/appenzeller-charlie-35-600x793.jpg 600w, https:\/\/appenzeller-charlie.de\/wp-content\/uploads\/2017\/10\/appenzeller-charlie-35.jpg 643w\" sizes=\"(min-width: 2200px) 100vw, (min-width: 784px) 363px, (min-width: 712px) 545px, (min-width: 640px) 712px, \" \/><\/div><\/a><\/div><\/div><div style=\"padding:5px;\" class=\"fusion-grid-column fusion-gallery-column fusion-gallery-column-3 hover-type-none fusion-element-portrait\"><div class=\"fusion-gallery-image\"><a href=\"https:\/\/appenzeller-charlie.de\/wp-content\/uploads\/2017\/10\/appenzeller-charlie-14.jpg\" target=\"_self\"><div style=\"background-image:url(https:\/\/appenzeller-charlie.de\/wp-content\/uploads\/2017\/10\/appenzeller-charlie-14.jpg);padding-top:calc((100% + 10px) * 1.6);background-position:;\" class=\"fusion-masonry-element-container\"><img decoding=\"async\" src=\"https:\/\/appenzeller-charlie.de\/wp-content\/uploads\/2017\/10\/appenzeller-charlie-14.jpg\" width=\"643\" height=\"850\" alt=\"\" title=\"appenzeller-charlie-14\" aria-label=\"appenzeller-charlie-14\" class=\"img-responsive wp-image-91\" srcset=\"https:\/\/appenzeller-charlie.de\/wp-content\/uploads\/2017\/10\/appenzeller-charlie-14-200x264.jpg 200w, https:\/\/appenzeller-charlie.de\/wp-content\/uploads\/2017\/10\/appenzeller-charlie-14-400x529.jpg 400w, https:\/\/appenzeller-charlie.de\/wp-content\/uploads\/2017\/10\/appenzeller-charlie-14-600x793.jpg 600w, https:\/\/appenzeller-charlie.de\/wp-content\/uploads\/2017\/10\/appenzeller-charlie-14.jpg 643w\" sizes=\"(min-width: 2200px) 100vw, (min-width: 784px) 363px, (min-width: 712px) 545px, (min-width: 640px) 712px, \" \/><\/div><\/a><\/div><\/div><div style=\"padding:5px;\" class=\"fusion-grid-column fusion-gallery-column fusion-gallery-column-3 hover-type-none fusion-element-grid\"><div class=\"fusion-gallery-image\"><a href=\"https:\/\/appenzeller-charlie.de\/wp-content\/uploads\/2017\/10\/appenzeller-charlie-18.jpg\" target=\"_self\"><div style=\"background-image:url(https:\/\/appenzeller-charlie.de\/wp-content\/uploads\/2017\/10\/appenzeller-charlie-18.jpg);padding-top:calc((100% + 10px) * 0.8 - 5px);background-position:;\" class=\"fusion-masonry-element-container\"><img decoding=\"async\" src=\"https:\/\/appenzeller-charlie.de\/wp-content\/uploads\/2017\/10\/appenzeller-charlie-18.jpg\" width=\"850\" height=\"643\" alt=\"\" title=\"appenzeller-charlie-18\" aria-label=\"appenzeller-charlie-18\" class=\"img-responsive wp-image-95\" srcset=\"https:\/\/appenzeller-charlie.de\/wp-content\/uploads\/2017\/10\/appenzeller-charlie-18-200x151.jpg 200w, https:\/\/appenzeller-charlie.de\/wp-content\/uploads\/2017\/10\/appenzeller-charlie-18-400x303.jpg 400w, https:\/\/appenzeller-charlie.de\/wp-content\/uploads\/2017\/10\/appenzeller-charlie-18-600x454.jpg 600w, https:\/\/appenzeller-charlie.de\/wp-content\/uploads\/2017\/10\/appenzeller-charlie-18-800x605.jpg 800w, https:\/\/appenzeller-charlie.de\/wp-content\/uploads\/2017\/10\/appenzeller-charlie-18.jpg 850w\" sizes=\"(min-width: 2200px) 100vw, (min-width: 784px) 363px, (min-width: 712px) 545px, (min-width: 640px) 712px, \" \/><\/div><\/a><\/div><\/div><div style=\"padding:5px;\" class=\"fusion-grid-column fusion-gallery-column fusion-gallery-column-3 hover-type-none fusion-element-grid\"><div class=\"fusion-gallery-image\"><a href=\"https:\/\/appenzeller-charlie.de\/wp-content\/uploads\/2017\/10\/appenzeller-charlie-03.jpg\" target=\"_self\"><div style=\"background-image:url(https:\/\/appenzeller-charlie.de\/wp-content\/uploads\/2017\/10\/appenzeller-charlie-03.jpg);padding-top:calc((100% + 10px) * 0.8 - 5px);background-position:;\" class=\"fusion-masonry-element-container\"><img decoding=\"async\" src=\"https:\/\/appenzeller-charlie.de\/wp-content\/uploads\/2017\/10\/appenzeller-charlie-03.jpg\" width=\"850\" height=\"643\" alt=\"\" title=\"appenzeller-charlie-03\" aria-label=\"appenzeller-charlie-03\" class=\"img-responsive wp-image-80\" srcset=\"https:\/\/appenzeller-charlie.de\/wp-content\/uploads\/2017\/10\/appenzeller-charlie-03-200x151.jpg 200w, https:\/\/appenzeller-charlie.de\/wp-content\/uploads\/2017\/10\/appenzeller-charlie-03-400x303.jpg 400w, https:\/\/appenzeller-charlie.de\/wp-content\/uploads\/2017\/10\/appenzeller-charlie-03-600x454.jpg 600w, https:\/\/appenzeller-charlie.de\/wp-content\/uploads\/2017\/10\/appenzeller-charlie-03-800x605.jpg 800w, https:\/\/appenzeller-charlie.de\/wp-content\/uploads\/2017\/10\/appenzeller-charlie-03.jpg 850w\" sizes=\"(min-width: 2200px) 100vw, (min-width: 784px) 363px, (min-width: 712px) 545px, (min-width: 640px) 712px, \" \/><\/div><\/a><\/div><\/div><div style=\"padding:5px;\" class=\"fusion-grid-column fusion-gallery-column fusion-gallery-column-3 hover-type-none fusion-element-landscape fusion-element-portrait\"><div class=\"fusion-gallery-image\"><a href=\"https:\/\/appenzeller-charlie.de\/wp-content\/uploads\/2018\/01\/DSC_0017.jpg\" target=\"_self\"><div style=\"background-image:url(https:\/\/appenzeller-charlie.de\/wp-content\/uploads\/2018\/01\/DSC_0017.jpg);padding-top:calc((100% + 10px) * 0.8);background-position:;\" class=\"fusion-masonry-element-container\"><img decoding=\"async\" src=\"https:\/\/appenzeller-charlie.de\/wp-content\/uploads\/2018\/01\/DSC_0017.jpg\" width=\"4703\" height=\"3136\" alt=\"\" title=\"DSC_0017\" aria-label=\"DSC_0017\" class=\"img-responsive wp-image-647\" srcset=\"https:\/\/appenzeller-charlie.de\/wp-content\/uploads\/2018\/01\/DSC_0017-200x133.jpg 200w, https:\/\/appenzeller-charlie.de\/wp-content\/uploads\/2018\/01\/DSC_0017-400x267.jpg 400w, https:\/\/appenzeller-charlie.de\/wp-content\/uploads\/2018\/01\/DSC_0017-600x400.jpg 600w, https:\/\/appenzeller-charlie.de\/wp-content\/uploads\/2018\/01\/DSC_0017-800x533.jpg 800w, https:\/\/appenzeller-charlie.de\/wp-content\/uploads\/2018\/01\/DSC_0017-1200x800.jpg 1200w, https:\/\/appenzeller-charlie.de\/wp-content\/uploads\/2018\/01\/DSC_0017.jpg 4703w\" sizes=\"(min-width: 2200px) 100vw, (min-width: 640px) 1100px, \" \/><\/div><\/a><\/div><\/div><\/div><\/div><div class=\"fusion-clearfix\"><\/div><\/div><\/div><\/div><\/div><div class=\"fusion-fullwidth fullwidth-box fusion-builder-row-3 nonhundred-percent-fullwidth non-hundred-percent-height-scrolling\" style=\"--awb-border-radius-top-left:0px;--awb-border-radius-top-right:0px;--awb-border-radius-bottom-right:0px;--awb-border-radius-bottom-left:0px;--awb-margin-top:60px;--awb-flex-wrap:wrap;\" ><div class=\"fusion-builder-row fusion-row\"><div class=\"fusion-layout-column fusion_builder_column fusion-builder-column-4 fusion_builder_column_1_1 1_1 fusion-one-full fusion-column-first fusion-column-last\" style=\"--awb-bg-size:cover;--awb-margin-bottom:0px;\"><div class=\"fusion-column-wrapper fusion-flex-column-wrapper-legacy\"><hr style=\"border:solid #e5e1e1 1px;height:1px;\">\n<div class=\"fusion-clearfix\"><\/div><\/div><\/div><div class=\"fusion-layout-column fusion_builder_column fusion-builder-column-5 fusion_builder_column_4_5 4_5 fusion-four-fifth fusion-column-first\" style=\"--awb-bg-size:cover;width:80%;width:calc(80% - ( ( 4% ) * 0.8 ) );margin-right: 4%;\"><div class=\"fusion-column-wrapper fusion-flex-column-wrapper-legacy\"><div class=\"fusion-text fusion-text-2\"><h5>SIMONE HOLZWARTH-RUML\u00a0| REIHERWEG 6\u00a0| 71336 WAIBLINGEN (NEUSTADT) | TEL. 01522\u00a02823990 |\u00a0SH@APPENZELLER-CHARLIE.DE<\/h5>\n<h5><\/h5>\n<\/div><div class=\"fusion-clearfix\"><\/div><\/div><\/div><div class=\"fusion-layout-column fusion_builder_column fusion-builder-column-6 fusion_builder_column_1_5 1_5 fusion-one-fifth fusion-column-last\" style=\"--awb-bg-size:cover;width:20%;width:calc(20% - ( ( 4% ) * 0.2 ) );\"><div class=\"fusion-column-wrapper fusion-flex-column-wrapper-legacy\"><div class=\"fusion-text fusion-text-3\"><h5 style=\"text-align: right;\"><a href=\"https:\/\/appenzeller-charlie.de\/index.php\/impressum\/\">IMPRESSUM<\/a> I\u00a0<a href=\"https:\/\/appenzeller-charlie.de\/index.php\/datenschutz\/\">DATENSCHUTZ<\/a><\/h5>\n<\/div><div class=\"fusion-clearfix\"><\/div><\/div><\/div><\/div><\/div><\/p>\n","protected":false},"excerpt":{"rendered":"","protected":false},"author":1,"featured_media":0,"parent":0,"menu_order":0,"comment_status":"closed","ping_status":"closed","template":"100-width.php","meta":{"footnotes":""},"class_list":["post-15","page","type-page","status-publish","hentry"],"_links":{"self":[{"href":"https:\/\/appenzeller-charlie.de\/index.php\/wp-json\/wp\/v2\/pages\/15","targetHints":{"allow":["GET"]}}],"collection":[{"href":"https:\/\/appenzeller-charlie.de\/index.php\/wp-json\/wp\/v2\/pages"}],"about":[{"href":"https:\/\/appenzeller-charlie.de\/index.php\/wp-json\/wp\/v2\/types\/page"}],"author":[{"embeddable":true,"href":"https:\/\/appenzeller-charlie.de\/index.php\/wp-json\/wp\/v2\/users\/1"}],"replies":[{"embeddable":true,"href":"https:\/\/appenzeller-charlie.de\/index.php\/wp-json\/wp\/v2\/comments?post=15"}],"version-history":[{"count":46,"href":"https:\/\/appenzeller-charlie.de\/index.php\/wp-json\/wp\/v2\/pages\/15\/revisions"}],"predecessor-version":[{"id":670,"href":"https:\/\/appenzeller-charlie.de\/index.php\/wp-json\/wp\/v2\/pages\/15\/revisions\/670"}],"wp:attachment":[{"href":"https:\/\/appenzeller-charlie.de\/index.php\/wp-json\/wp\/v2\/media?parent=15"}],"curies":[{"name":"wp","href":"https:\/\/api.w.org\/{rel}","templated":true}]}}